{"id":122,"date":"2024-06-07T13:07:31","date_gmt":"2024-06-07T17:07:31","guid":{"rendered":"https:\/\/1230682.cpsw-fcsei.com\/bsrecords\/?page_id=122"},"modified":"2024-06-09T02:40:33","modified_gmt":"2024-06-09T06:40:33","slug":"a-propos","status":"publish","type":"page","link":"https:\/\/1230682.cpsw-fcsei.com\/bsrecords\/a-propos\/","title":{"rendered":"\u00c0 propos"},"content":{"rendered":"\n<div class=\"wp-block-group alignfull has-global-padding is-layout-constrained wp-container-core-group-is-layout-d46ca558 wp-block-group-is-layout-constrained has-background\" style=\"margin-top:0;margin-bottom:0;padding-top:0;padding-right:var(--wp--preset--spacing--30);padding-bottom:0;padding-left:var(--wp--preset--spacing--30);background-image:url(&apos;https:\/\/1230682.cpsw-fcsei.com\/bsrecords\/wp-content\/uploads\/2024\/06\/moreno-matkovic-ISPaMOgwdgM-unsplash.jpg&apos;);background-position:0% 50%;background-size:cover;\">\n<div class=\"wp-block-columns alignfull is-layout-flex wp-container-core-columns-is-layout-cdde3685 wp-block-columns-is-layout-flex\" style=\"padding-top:0;padding-right:0;padding-bottom:0;padding-left:0\">\n<div class=\"wp-block-column is-vertically-aligned-top herobox is-layout-flow wp-container-core-column-is-layout-12ab68bd wp-block-column-is-layout-flow\" style=\"border-style:none;border-width:0px;padding-top:var(--wp--preset--spacing--60);padding-bottom:var(--wp--preset--spacing--60);flex-basis:50%\">\n<h1 class=\"wp-block-heading has-text-align-center has-custom-e-1-e-1-e-1-color has-text-color has-link-color wp-elements-4f4879ec55a107973cd683100911b8be\" style=\"padding-top:var(--wp--preset--spacing--30);padding-bottom:var(--wp--preset--spacing--30)\">BROKEN SOUNDS<br>RECORDS<\/h1>\n\n\n\n<p class=\"has-text-align-center\">Plus que simplement des sons : <br>sans limites, sans fronti\u00e8res<\/p>\n\n\n\n<div class=\"wp-block-buttons is-content-justification-center is-layout-flex wp-container-core-buttons-is-layout-e511ce0b wp-block-buttons-is-layout-flex\" style=\"margin-top:var(--wp--preset--spacing--30);margin-bottom:var(--wp--preset--spacing--30)\">\n<div class=\"wp-block-button is-style-outline is-style-outline--1\"><a class=\"wp-block-button__link wp-element-button\" href=\"https:\/\/1230682.cpsw-fcsei.com\/bsrecords\/\">Accueil<\/a><\/div>\n\n\n\n<div class=\"wp-block-button is-style-outline is-style-outline--2\"><a class=\"wp-block-button__link wp-element-button\" href=\"#infolettre\">Infolettre<\/a><\/div>\n<\/div>\n<\/div>\n\n\n\n<div class=\"wp-block-column is-vertically-aligned-center is-layout-flow wp-block-column-is-layout-flow\" style=\"flex-basis:50%\"><\/div>\n<\/div>\n<\/div>\n\n\n\n<div class=\"wp-block-columns alignwide is-layout-flex wp-container-core-columns-is-layout-0884d4d2 wp-block-columns-is-layout-flex\" style=\"margin-top:var(--wp--preset--spacing--50);margin-bottom:var(--wp--preset--spacing--50)\">\n<div class=\"wp-block-column is-vertically-aligned-center is-layout-flow wp-block-column-is-layout-flow\" style=\"padding-top:1em;padding-right:1em;padding-bottom:1em;padding-left:1em\">\n<div class=\"wp-block-columns is-layout-flex wp-container-core-columns-is-layout-28f84493 wp-block-columns-is-layout-flex\">\n<div class=\"wp-block-column is-vertically-aligned-top has-global-padding is-content-justification-right is-layout-constrained wp-container-core-column-is-layout-e5715b51 wp-block-column-is-layout-constrained\" style=\"padding-top:0\">\n<h2 class=\"wp-block-heading has-text-align-center has-xx-large-font-size\" style=\"margin-bottom:var(--wp--preset--spacing--40)\"><strong>MISSION<\/strong><\/h2>\n\n\n\n<p class=\"has-text-align-left has-small-font-size\" style=\"line-height:1.6\">Notre mission en tant que label de musique \u00e9lectronique ind\u00e9pendant est de soutenir et de promouvoir les artistes \u00e9mergents, en cultivant une communaut\u00e9 cr\u00e9ative et en offrant une plateforme pour l&#8217;expression artistique innovante dans le monde de la musique \u00e9lectronique.<\/p>\n<\/div>\n<\/div>\n<\/div>\n\n\n\n<div class=\"wp-block-column is-layout-flow wp-block-column-is-layout-flow\" style=\"flex-basis:50%\">\n<div class=\"wp-block-cover is-light mission\" style=\"border-radius:0px;min-height:600px;aspect-ratio:unset;\"><span aria-hidden=\"true\" class=\"wp-block-cover__background has-custom-e-1-e-1-e-1-background-color has-background-dim-100 has-background-dim\"><\/span><div class=\"wp-block-cover__inner-container is-layout-flow wp-block-cover-is-layout-flow\">\n<figure class=\"wp-block-image aligncenter size-full is-resized\"><img loading=\"lazy\" decoding=\"async\" width=\"1200\" height=\"1200\" src=\"https:\/\/1230682.cpsw-fcsei.com\/bsrecords\/wp-content\/uploads\/2024\/06\/1200x1200bf-60.jpg\" alt=\"\" class=\"wp-image-255\" style=\"width:433px;height:auto\"\/><\/figure>\n<\/div><\/div>\n<\/div>\n<\/div>\n\n\n\n<hr class=\"wp-block-separator aligncenter has-text-color has-css-opacity has-background alignwide is-style-wide\" style=\"margin-top:0;background-color:#ffffff;color:#ffffff\"\/>\n\n\n\n<div class=\"wp-block-group alignfull has-custom-262626-background-color has-background has-global-padding is-layout-constrained wp-container-core-group-is-layout-669513ed wp-block-group-is-layout-constrained\" style=\"margin-top:0;margin-bottom:0;padding-top:var(--wp--preset--spacing--50);padding-right:var(--wp--preset--spacing--50);padding-bottom:var(--wp--preset--spacing--50);padding-left:var(--wp--preset--spacing--50)\">\n<div class=\"wp-block-group is-vertical is-content-justification-center is-layout-flex wp-container-core-group-is-layout-ce155fab wp-block-group-is-layout-flex\">\n<h2 class=\"wp-block-heading has-text-align-center has-custom-f-8-f-8-f-8-texte-color has-text-color has-link-color has-xx-large-font-size wp-elements-517108f68ddbc04105254405e93d3582\" style=\"margin-bottom:var(--wp--preset--spacing--30)\">NOTRE BROKEN TEAM<\/h2>\n\n\n\n<p class=\"has-text-align-center\">&#8230; Vous direz peut-\u00eatre que le nom d&#8217;\u00e9quipe est douteux, mais on joue \u00e0 MTG \u00e0 l&#8217;entour d&#8217;un verre durant le 5 \u00e0 7. Les RH font du bon travail.<\/p>\n<\/div>\n\n\n\n<div style=\"height:var(--wp--preset--spacing--30)\" aria-hidden=\"true\" class=\"wp-block-spacer\"><\/div>\n\n\n\n<div class=\"wp-block-columns alignwide is-layout-flex wp-container-core-columns-is-layout-4935966c wp-block-columns-is-layout-flex\" style=\"padding-right:0;padding-left:0\">\n<div class=\"wp-block-column is-layout-flow wp-block-column-is-layout-flow\">\n<figure class=\"wp-block-image size-full is-style-rounded img-equipe is-style-rounded--3\"><img loading=\"lazy\" decoding=\"async\" width=\"1024\" height=\"1024\" src=\"https:\/\/1230682.cpsw-fcsei.com\/bsrecords\/wp-content\/uploads\/2024\/06\/claudine_latendresse.jpg\" alt=\"\" class=\"wp-image-229\" style=\"aspect-ratio:1;object-fit:cover\"\/><\/figure>\n\n\n\n<div class=\"wp-block-group is-vertical is-content-justification-center is-nowrap is-layout-flex wp-container-core-group-is-layout-21d4e958 wp-block-group-is-layout-flex\">\n<p class=\"has-text-align-center has-small-font-size\">Claudine Latender<\/p>\n\n\n\n<p class=\"has-text-align-center has-small-font-size\">CEO &amp; Fondatrice<\/p>\n<\/div>\n<\/div>\n\n\n\n<div class=\"wp-block-column is-layout-flow wp-block-column-is-layout-flow\">\n<figure class=\"wp-block-image size-full is-style-rounded img-equipe is-style-rounded--4\"><img loading=\"lazy\" decoding=\"async\" width=\"1024\" height=\"1024\" src=\"https:\/\/1230682.cpsw-fcsei.com\/bsrecords\/wp-content\/uploads\/2024\/06\/guillaume_benoit.jpg\" alt=\"\" class=\"wp-image-230\" style=\"aspect-ratio:1;object-fit:cover\"\/><\/figure>\n\n\n\n<div class=\"wp-block-group is-vertical is-content-justification-center is-nowrap is-layout-flex wp-container-core-group-is-layout-63bfd6c1 wp-block-group-is-layout-flex\">\n<p class=\"has-text-align-center has-small-font-size\"><strong>Greg Thunder<\/strong><\/p>\n\n\n\n<p class=\"has-text-align-center has-small-font-size\">Directeur<\/p>\n<\/div>\n<\/div>\n\n\n\n<div class=\"wp-block-column is-layout-flow wp-block-column-is-layout-flow\">\n<figure class=\"wp-block-image size-full is-style-rounded img-equipe is-style-rounded--5\"><img loading=\"lazy\" decoding=\"async\" width=\"1024\" height=\"1024\" src=\"https:\/\/1230682.cpsw-fcsei.com\/bsrecords\/wp-content\/uploads\/2024\/06\/greg_golpoulx.jpg\" alt=\"\" class=\"wp-image-231\" style=\"aspect-ratio:1;object-fit:cover\"\/><\/figure>\n\n\n\n<div class=\"wp-block-group is-vertical is-content-justification-center is-nowrap is-layout-flex wp-container-core-group-is-layout-63bfd6c1 wp-block-group-is-layout-flex\">\n<p class=\"has-text-align-center has-small-font-size\"><strong>Guillaume Beno\u00eet<\/strong><\/p>\n\n\n\n<p class=\"has-text-align-center has-small-font-size\">Dans l&#8217;\u00e9quipe<\/p>\n<\/div>\n<\/div>\n\n\n\n<div class=\"wp-block-column is-layout-flow wp-block-column-is-layout-flow\">\n<figure class=\"wp-block-image size-full is-style-rounded img-equipe is-style-rounded--6\"><img loading=\"lazy\" decoding=\"async\" width=\"1024\" height=\"1024\" src=\"https:\/\/1230682.cpsw-fcsei.com\/bsrecords\/wp-content\/uploads\/2024\/06\/lyna_richard.jpg\" alt=\"\" class=\"wp-image-232\" style=\"aspect-ratio:1;object-fit:cover\"\/><\/figure>\n\n\n\n<div class=\"wp-block-group is-vertical is-content-justification-center is-nowrap is-layout-flex wp-container-core-group-is-layout-21d4e958 wp-block-group-is-layout-flex\">\n<p class=\"has-text-align-center has-small-font-size\">\n\t\t\t\t\t<strong>Ivan Lawrence<\/strong>\n\t\t\t\t<\/p>\n\n\n\n<p class=\"has-text-align-center has-small-font-size\">\u00c9dimestre<\/p>\n<\/div>\n<\/div>\n<\/div>\n<\/div>\n\n\n\n<div class=\"wp-block-group alignfull has-global-padding is-layout-constrained wp-container-core-group-is-layout-cb151cc7 wp-block-group-is-layout-constrained has-background\" id=\"infolettre\" style=\"margin-top:0;margin-bottom:0;padding-top:0;padding-right:var(--wp--preset--spacing--50);padding-bottom:0;padding-left:var(--wp--preset--spacing--50);background-image:url(&apos;https:\/\/1230682.cpsw-fcsei.com\/bsrecords\/wp-content\/uploads\/2024\/06\/crt-monitor-abstract-4k-gz-2880x1800-1.jpg&apos;);background-position:48% 100%;background-size:cover;\">\n<div class=\"wp-block-group alignfull has-custom-e-1-e-1-e-1-color has-text-color has-link-color wp-elements-20bd2b3eb5e782736a0196852e58c3ec has-global-padding is-layout-constrained wp-container-core-group-is-layout-32a46761 wp-block-group-is-layout-constrained has-background\" style=\"border-radius:0px;margin-top:0;margin-bottom:0;padding-top:var(--wp--preset--spacing--40);padding-right:var(--wp--preset--spacing--50);padding-bottom:var(--wp--preset--spacing--40);padding-left:var(--wp--preset--spacing--50);background-position:50% 100%;\">\n<div class=\"wp-block-group alignwide has-background is-layout-flow wp-block-group-is-layout-flow\" style=\"border-radius:24px;background:linear-gradient(122deg,rgba(7,146,227,0) 13%,rgb(38,38,38) 25%,rgb(38,38,38) 73%,rgba(155,81,224,0) 85%);min-height:0px;margin-top:0;margin-bottom:0;padding-top:0;padding-right:0;padding-bottom:0;padding-left:0\">\n<div style=\"height:var(--wp--preset--spacing--10)\" aria-hidden=\"true\" class=\"wp-block-spacer\"><\/div>\n\n\n\n<div class=\"wp-block-group alignwide is-content-justification-center is-nowrap is-layout-flex wp-container-core-group-is-layout-705673d6 wp-block-group-is-layout-flex\" style=\"margin-top:0;margin-bottom:0;padding-bottom:var(--wp--preset--spacing--20)\">\n<h2 class=\"wp-block-heading has-text-align-center has-custom-e-1-e-1-e-1-color has-text-color has-link-color has-x-large-font-size wp-elements-4901e6738b1b34f3a3576a676abcaafc\">RESTER SUR LE TEMPO<\/h2>\n\n\n\n<h2 class=\"wp-block-heading texte-points\"><code>[...]<\/code><\/h2>\n<\/div>\n\n\n\n<p class=\"has-text-align-center\">Inscrivez-vous \u00e0 l&#8217;infolettre pour recevoir votre dose continuelle<br>de distorsions sonores.<\/p>\n\n\n\n<div class=\"wp-block-buttons is-content-justification-center is-layout-flex wp-container-core-buttons-is-layout-a89b3969 wp-block-buttons-is-layout-flex\">\n<div class=\"wp-block-button is-style-outline is-style-outline--7\"><a class=\"wp-block-button__link wp-element-button\">Incrivez-vous!<\/a><\/div>\n<\/div>\n\n\n\n<div style=\"height:var(--wp--preset--spacing--10)\" aria-hidden=\"true\" class=\"wp-block-spacer\"><\/div>\n<\/div>\n<\/div>\n<\/div>\n","protected":false},"excerpt":{"rendered":"<p>BROKEN SOUNDSRECORDS Plus que simplement des sons : sans limites, sans fronti\u00e8res MISSION Notre mission en tant que label de musique \u00e9lectronique ind\u00e9pendant est de soutenir et de promouvoir les artistes \u00e9mergents, en cultivant une communaut\u00e9 cr\u00e9ative et en offrant une plateforme pour l&#8217;expression artistique innovante dans le monde de la musique \u00e9lectronique. NOTRE BROKEN [&hellip;]<\/p>\n","protected":false},"author":1,"featured_media":0,"parent":0,"menu_order":0,"comment_status":"closed","ping_status":"closed","template":"","meta":{"_acf_changed":false,"footnotes":""},"class_list":["post-122","page","type-page","status-publish","hentry"],"acf":[],"_links":{"self":[{"href":"https:\/\/1230682.cpsw-fcsei.com\/bsrecords\/wp-json\/wp\/v2\/pages\/122","targetHints":{"allow":["GET"]}}],"collection":[{"href":"https:\/\/1230682.cpsw-fcsei.com\/bsrecords\/wp-json\/wp\/v2\/pages"}],"about":[{"href":"https:\/\/1230682.cpsw-fcsei.com\/bsrecords\/wp-json\/wp\/v2\/types\/page"}],"author":[{"embeddable":true,"href":"https:\/\/1230682.cpsw-fcsei.com\/bsrecords\/wp-json\/wp\/v2\/users\/1"}],"replies":[{"embeddable":true,"href":"https:\/\/1230682.cpsw-fcsei.com\/bsrecords\/wp-json\/wp\/v2\/comments?post=122"}],"version-history":[{"count":37,"href":"https:\/\/1230682.cpsw-fcsei.com\/bsrecords\/wp-json\/wp\/v2\/pages\/122\/revisions"}],"predecessor-version":[{"id":283,"href":"https:\/\/1230682.cpsw-fcsei.com\/bsrecords\/wp-json\/wp\/v2\/pages\/122\/revisions\/283"}],"wp:attachment":[{"href":"https:\/\/1230682.cpsw-fcsei.com\/bsrecords\/wp-json\/wp\/v2\/media?parent=122"}],"curies":[{"name":"wp","href":"https:\/\/api.w.org\/{rel}","templated":true}]}}