{"id":126,"date":"2024-06-07T11:37:58","date_gmt":"2024-06-07T15:37:58","guid":{"rendered":"https:\/\/1230682.cpsw-fcsei.com\/bsrecords\/?page_id=126"},"modified":"2024-06-09T02:20:06","modified_gmt":"2024-06-09T06:20:06","slug":"albums-2","status":"publish","type":"page","link":"https:\/\/1230682.cpsw-fcsei.com\/bsrecords\/albums-2\/","title":{"rendered":"Albums"},"content":{"rendered":"\n<div class=\"wp-block-group alignfull has-global-padding is-layout-constrained wp-container-core-group-is-layout-d46ca558 wp-block-group-is-layout-constrained has-background\" style=\"margin-top:0;margin-bottom:0;padding-top:0;padding-right:var(--wp--preset--spacing--30);padding-bottom:0;padding-left:var(--wp--preset--spacing--30);background-image:url(&apos;https:\/\/1230682.cpsw-fcsei.com\/bsrecords\/wp-content\/uploads\/2024\/06\/moreno-matkovic-ISPaMOgwdgM-unsplash.jpg&apos;);background-position:0% 50%;background-size:cover;\">\n<div class=\"wp-block-columns alignfull is-layout-flex wp-container-core-columns-is-layout-cdde3685 wp-block-columns-is-layout-flex\" style=\"padding-top:0;padding-right:0;padding-bottom:0;padding-left:0\">\n<div class=\"wp-block-column is-vertically-aligned-top herobox is-layout-flow wp-container-core-column-is-layout-12ab68bd wp-block-column-is-layout-flow\" style=\"border-style:none;border-width:0px;padding-top:var(--wp--preset--spacing--60);padding-bottom:var(--wp--preset--spacing--60);flex-basis:50%\">\n<h1 class=\"wp-block-heading has-text-align-center has-custom-e-1-e-1-e-1-color has-text-color has-link-color wp-elements-4f4879ec55a107973cd683100911b8be\" style=\"padding-top:var(--wp--preset--spacing--30);padding-bottom:var(--wp--preset--spacing--30)\">BROKEN SOUNDS<br>RECORDS<\/h1>\n\n\n\n<p class=\"has-text-align-center\">Plus que simplement des sons : <br>sans limites, sans fronti\u00e8res<\/p>\n\n\n\n<div class=\"wp-block-buttons is-content-justification-center is-layout-flex wp-container-core-buttons-is-layout-e511ce0b wp-block-buttons-is-layout-flex\" style=\"margin-top:var(--wp--preset--spacing--30);margin-bottom:var(--wp--preset--spacing--30)\">\n<div class=\"wp-block-button is-style-outline is-style-outline--1\"><a class=\"wp-block-button__link wp-element-button\" href=\"https:\/\/1230682.cpsw-fcsei.com\/bsrecords\/a-propos\/\">\u00c0 propos<\/a><\/div>\n\n\n\n<div class=\"wp-block-button is-style-outline is-style-outline--2\"><a class=\"wp-block-button__link wp-element-button\" href=\"#infolettre\">Infolettre<\/a><\/div>\n<\/div>\n<\/div>\n\n\n\n<div class=\"wp-block-column is-vertically-aligned-center is-layout-flow wp-block-column-is-layout-flow\" style=\"flex-basis:50%\"><\/div>\n<\/div>\n<\/div>\n\n\n\n<div class=\"wp-block-group alignfull has-custom-e-1-e-1-e-1-color has-custom-262626-background-color has-text-color has-background is-layout-flow wp-block-group-is-layout-flow\" style=\"padding-top:100px;padding-right:100px;padding-bottom:100px;padding-left:100px\">\n<div class=\"wp-block-columns is-layout-flex wp-container-core-columns-is-layout-28f84493 wp-block-columns-is-layout-flex\">\n<div class=\"wp-block-column has-global-padding is-layout-constrained wp-block-column-is-layout-constrained\" style=\"flex-basis:100%\">\n<h2 class=\"wp-block-heading alignwide is-style-default has-custom-e-1-e-1-e-1-color has-text-color has-link-color has-xx-large-font-size wp-elements-746c869798d85157606a6b145642fd06\" style=\"padding-right:0;padding-left:0\">POPULAIRES<\/h2>\n<\/div>\n<\/div>\n\n\n\n<hr class=\"wp-block-separator has-text-color has-css-opacity has-background alignwide is-style-wide\" style=\"background-color:#ffffff;color:#ffffff\"\/>\n\n\n\n<div class=\"wp-block-query has-global-padding is-content-justification-center is-layout-constrained wp-block-query-is-layout-constrained\"><ul class=\"has-link-color columns-2 alignwide wp-elements-e66414d612852708e7c2ec7737d42098 wp-block-post-template has-text-color has-custom-e-1-e-1-e-1-color is-layout-grid wp-container-core-post-template-is-layout-02493678 wp-block-post-template-is-layout-grid\"><li class=\"wp-block-post post-37 album type-album status-publish has-post-thumbnail hentry album-categorie-populaires\">\n<figure class=\"wp-block-post-featured-image wp-elements-e66414d612852708e7c2ec7737d42098\"><a href=\"https:\/\/1230682.cpsw-fcsei.com\/bsrecords\/album\/ask-the-dust\/\" target=\"_blank\"  ><img loading=\"lazy\" decoding=\"async\" width=\"1000\" height=\"1000\" src=\"https:\/\/1230682.cpsw-fcsei.com\/bsrecords\/wp-content\/uploads\/2024\/05\/lorn-ash-to-dust.jpg\" class=\"attachment-post-thumbnail size-post-thumbnail wp-post-image\" alt=\"Ask the Dust\" style=\"object-fit:cover;\" \/><\/a><\/figure>\n\n\n<hr class=\"wp-block-separator has-text-color has-css-opacity has-background alignwide is-style-wide\" style=\"background-color:#ffffff;color:#ffffff\"\/>\n\n\n\n<div class=\"wp-block-columns alignwide are-vertically-aligned-center is-layout-flex wp-container-core-columns-is-layout-28f84493 wp-block-columns-is-layout-flex\">\n<div class=\"wp-block-column is-vertically-aligned-center is-layout-flow wp-block-column-is-layout-flow\" style=\"flex-basis:80%\"><h2 style=\"color:#ffffff; font-size:clamp(33.419px, 2.089rem + ((1vw - 3.2px) * 2.769), 60px);line-height:1.1;\" class=\"has-text-align-left wp-block-post-title has-text-color\"><a href=\"https:\/\/1230682.cpsw-fcsei.com\/bsrecords\/album\/ask-the-dust\/\" target=\"_self\" >Ask the Dust<\/a><\/h2><\/div>\n\n\n\n<div class=\"wp-block-column is-vertically-aligned-center is-layout-flow wp-block-column-is-layout-flow\" style=\"flex-basis:20%\"><div style=\"color:#ffffff;\" class=\"wp-block-post-date has-text-color has-extra-small-font-size\"><time datetime=\"2024-05-27T11:55:02-04:00\">27 May 2024<\/time><\/div><\/div>\n<\/div>\n\n<\/li><li class=\"wp-block-post post-35 album type-album status-publish has-post-thumbnail hentry album-categorie-populaires\">\n<figure class=\"wp-block-post-featured-image wp-elements-e66414d612852708e7c2ec7737d42098\"><a href=\"https:\/\/1230682.cpsw-fcsei.com\/bsrecords\/album\/moderat\/\" target=\"_blank\"  ><img loading=\"lazy\" decoding=\"async\" width=\"1200\" height=\"1200\" src=\"https:\/\/1230682.cpsw-fcsei.com\/bsrecords\/wp-content\/uploads\/2024\/05\/moderat-moderat.jpg\" class=\"attachment-post-thumbnail size-post-thumbnail wp-post-image\" alt=\"&#8220;Moderat&#8221;\" style=\"object-fit:cover;\" \/><\/a><\/figure>\n\n\n<hr class=\"wp-block-separator has-text-color has-css-opacity has-background alignwide is-style-wide\" style=\"background-color:#ffffff;color:#ffffff\"\/>\n\n\n\n<div class=\"wp-block-columns alignwide are-vertically-aligned-center is-layout-flex wp-container-core-columns-is-layout-28f84493 wp-block-columns-is-layout-flex\">\n<div class=\"wp-block-column is-vertically-aligned-center is-layout-flow wp-block-column-is-layout-flow\" style=\"flex-basis:80%\"><h2 style=\"color:#ffffff; font-size:clamp(33.419px, 2.089rem + ((1vw - 3.2px) * 2.769), 60px);line-height:1.1;\" class=\"has-text-align-left wp-block-post-title has-text-color\"><a href=\"https:\/\/1230682.cpsw-fcsei.com\/bsrecords\/album\/moderat\/\" target=\"_self\" >&#8220;Moderat&#8221;<\/a><\/h2><\/div>\n\n\n\n<div class=\"wp-block-column is-vertically-aligned-center is-layout-flow wp-block-column-is-layout-flow\" style=\"flex-basis:20%\"><div style=\"color:#ffffff;\" class=\"wp-block-post-date has-text-color has-extra-small-font-size\"><time datetime=\"2024-05-27T11:46:14-04:00\">27 May 2024<\/time><\/div><\/div>\n<\/div>\n\n<\/li><\/ul><\/div>\n<\/div>\n\n\n\n<div class=\"wp-block-group alignfull has-custom-e-1-e-1-e-1-color has-custom-262626-background-color has-text-color has-background is-layout-flow wp-block-group-is-layout-flow\" style=\"padding-top:100px;padding-right:100px;padding-bottom:100px;padding-left:100px\">\n<div class=\"wp-block-columns is-layout-flex wp-container-core-columns-is-layout-28f84493 wp-block-columns-is-layout-flex\">\n<div class=\"wp-block-column has-global-padding is-layout-constrained wp-block-column-is-layout-constrained\" style=\"flex-basis:100%\">\n<h2 class=\"wp-block-heading alignwide has-custom-e-1-e-1-e-1-color has-text-color has-link-color has-xx-large-font-size wp-elements-82f02f844df7ba4f2d22798304823a4a\" style=\"padding-right:0;padding-left:0\">R\u00c9CENTS<\/h2>\n<\/div>\n<\/div>\n\n\n\n<hr class=\"wp-block-separator has-text-color has-css-opacity has-background alignwide is-style-wide\" style=\"background-color:#ffffff;color:#ffffff\"\/>\n\n\n\n<div class=\"wp-block-query has-global-padding is-content-justification-center is-layout-constrained wp-block-query-is-layout-constrained\"><ul class=\"has-link-color columns-2 alignwide wp-elements-e66414d612852708e7c2ec7737d42098 wp-block-post-template has-text-color has-custom-e-1-e-1-e-1-color is-layout-grid wp-container-core-post-template-is-layout-02493678 wp-block-post-template-is-layout-grid\"><li class=\"wp-block-post post-41 album type-album status-publish has-post-thumbnail hentry album-categorie-recents\">\n<figure class=\"wp-block-post-featured-image wp-elements-e66414d612852708e7c2ec7737d42098\"><a href=\"https:\/\/1230682.cpsw-fcsei.com\/bsrecords\/album\/overflow\/\" target=\"_blank\"  ><img loading=\"lazy\" decoding=\"async\" width=\"1200\" height=\"1200\" src=\"https:\/\/1230682.cpsw-fcsei.com\/bsrecords\/wp-content\/uploads\/2024\/05\/overflow-1200x1200bf-60.jpg\" class=\"attachment-post-thumbnail size-post-thumbnail wp-post-image\" alt=\"Overflow\" style=\"object-fit:cover;\" \/><\/a><\/figure>\n\n\n<hr class=\"wp-block-separator has-text-color has-css-opacity has-background alignwide is-style-wide\" style=\"background-color:#ffffff;color:#ffffff\"\/>\n\n\n\n<div class=\"wp-block-columns alignwide are-vertically-aligned-center is-layout-flex wp-container-core-columns-is-layout-28f84493 wp-block-columns-is-layout-flex\">\n<div class=\"wp-block-column is-vertically-aligned-center is-layout-flow wp-block-column-is-layout-flow\" style=\"flex-basis:80%\"><h2 style=\"color:#ffffff; font-size:clamp(33.419px, 2.089rem + ((1vw - 3.2px) * 2.769), 60px);line-height:1.1;\" class=\"has-text-align-left wp-block-post-title has-text-color\"><a href=\"https:\/\/1230682.cpsw-fcsei.com\/bsrecords\/album\/overflow\/\" target=\"_self\" >Overflow<\/a><\/h2><\/div>\n\n\n\n<div class=\"wp-block-column is-vertically-aligned-center is-layout-flow wp-block-column-is-layout-flow\" style=\"flex-basis:20%\"><div style=\"color:#ffffff;\" class=\"wp-block-post-date has-text-color has-extra-small-font-size\"><time datetime=\"2024-05-31T11:29:17-04:00\">31 May 2024<\/time><\/div><\/div>\n<\/div>\n\n<\/li><li class=\"wp-block-post post-36 album type-album status-publish has-post-thumbnail hentry album-categorie-recents\">\n<figure class=\"wp-block-post-featured-image wp-elements-e66414d612852708e7c2ec7737d42098\"><a href=\"https:\/\/1230682.cpsw-fcsei.com\/bsrecords\/album\/unspoken-words\/\" target=\"_blank\"  ><img loading=\"lazy\" decoding=\"async\" width=\"1200\" height=\"1200\" src=\"https:\/\/1230682.cpsw-fcsei.com\/bsrecords\/wp-content\/uploads\/2024\/05\/max-cooper-unspoken-words.jpg\" class=\"attachment-post-thumbnail size-post-thumbnail wp-post-image\" alt=\"Unspoken Words\" style=\"object-fit:cover;\" \/><\/a><\/figure>\n\n\n<hr class=\"wp-block-separator has-text-color has-css-opacity has-background alignwide is-style-wide\" style=\"background-color:#ffffff;color:#ffffff\"\/>\n\n\n\n<div class=\"wp-block-columns alignwide are-vertically-aligned-center is-layout-flex wp-container-core-columns-is-layout-28f84493 wp-block-columns-is-layout-flex\">\n<div class=\"wp-block-column is-vertically-aligned-center is-layout-flow wp-block-column-is-layout-flow\" style=\"flex-basis:80%\"><h2 style=\"color:#ffffff; font-size:clamp(33.419px, 2.089rem + ((1vw - 3.2px) * 2.769), 60px);line-height:1.1;\" class=\"has-text-align-left wp-block-post-title has-text-color\"><a href=\"https:\/\/1230682.cpsw-fcsei.com\/bsrecords\/album\/unspoken-words\/\" target=\"_self\" >Unspoken Words<\/a><\/h2><\/div>\n\n\n\n<div class=\"wp-block-column is-vertically-aligned-center is-layout-flow wp-block-column-is-layout-flow\" style=\"flex-basis:20%\"><div style=\"color:#ffffff;\" class=\"wp-block-post-date has-text-color has-extra-small-font-size\"><time datetime=\"2024-05-27T11:47:18-04:00\">27 May 2024<\/time><\/div><\/div>\n<\/div>\n\n<\/li><\/ul><\/div>\n<\/div>\n\n\n\n<div class=\"wp-block-group alignfull has-global-padding is-layout-constrained wp-container-core-group-is-layout-cb151cc7 wp-block-group-is-layout-constrained has-background\" id=\"infolettre\" style=\"margin-top:0;margin-bottom:0;padding-top:0;padding-right:var(--wp--preset--spacing--50);padding-bottom:0;padding-left:var(--wp--preset--spacing--50);background-image:url(&apos;https:\/\/1230682.cpsw-fcsei.com\/bsrecords\/wp-content\/uploads\/2024\/06\/crt-monitor-abstract-4k-gz-2880x1800-1.jpg&apos;);background-position:48% 100%;background-size:cover;\">\n<div class=\"wp-block-group alignfull has-custom-e-1-e-1-e-1-color has-text-color has-link-color wp-elements-20bd2b3eb5e782736a0196852e58c3ec has-global-padding is-layout-constrained wp-container-core-group-is-layout-32a46761 wp-block-group-is-layout-constrained has-background\" style=\"border-radius:0px;margin-top:0;margin-bottom:0;padding-top:var(--wp--preset--spacing--40);padding-right:var(--wp--preset--spacing--50);padding-bottom:var(--wp--preset--spacing--40);padding-left:var(--wp--preset--spacing--50);background-position:50% 100%;\">\n<div class=\"wp-block-group alignwide has-background is-layout-flow wp-block-group-is-layout-flow\" style=\"border-radius:24px;background:linear-gradient(122deg,rgba(7,146,227,0) 13%,rgb(38,38,38) 25%,rgb(38,38,38) 73%,rgba(155,81,224,0) 85%);min-height:0px;margin-top:0;margin-bottom:0;padding-top:0;padding-right:0;padding-bottom:0;padding-left:0\">\n<div style=\"height:var(--wp--preset--spacing--10)\" aria-hidden=\"true\" class=\"wp-block-spacer\"><\/div>\n\n\n\n<div class=\"wp-block-group alignwide is-content-justification-center is-nowrap is-layout-flex wp-container-core-group-is-layout-705673d6 wp-block-group-is-layout-flex\" style=\"margin-top:0;margin-bottom:0;padding-bottom:var(--wp--preset--spacing--20)\">\n<h2 class=\"wp-block-heading has-text-align-center has-custom-e-1-e-1-e-1-color has-text-color has-link-color has-x-large-font-size wp-elements-4901e6738b1b34f3a3576a676abcaafc\">RESTER SUR LE TEMPO<\/h2>\n\n\n\n<h2 class=\"wp-block-heading texte-points\"><code>[...]<\/code><\/h2>\n<\/div>\n\n\n\n<p class=\"has-text-align-center\">Inscrivez-vous \u00e0 l&#8217;infolettre pour recevoir votre dose continuelle<br>de distorsions sonores.<\/p>\n\n\n\n<div class=\"wp-block-buttons is-content-justification-center is-layout-flex wp-container-core-buttons-is-layout-a89b3969 wp-block-buttons-is-layout-flex\">\n<div class=\"wp-block-button is-style-outline is-style-outline--3\"><a class=\"wp-block-button__link wp-element-button\">Incrivez-vous!<\/a><\/div>\n<\/div>\n\n\n\n<div style=\"height:var(--wp--preset--spacing--10)\" aria-hidden=\"true\" class=\"wp-block-spacer\"><\/div>\n<\/div>\n<\/div>\n<\/div>\n","protected":false},"excerpt":{"rendered":"<p>BROKEN SOUNDSRECORDS Plus que simplement des sons : sans limites, sans fronti\u00e8res POPULAIRES R\u00c9CENTS RESTER SUR LE TEMPO [&#8230;] Inscrivez-vous \u00e0 l&#8217;infolettre pour recevoir votre dose continuellede distorsions sonores.<\/p>\n","protected":false},"author":1,"featured_media":0,"parent":0,"menu_order":0,"comment_status":"closed","ping_status":"closed","template":"","meta":{"_acf_changed":false,"footnotes":""},"class_list":["post-126","page","type-page","status-publish","hentry"],"acf":[],"_links":{"self":[{"href":"https:\/\/1230682.cpsw-fcsei.com\/bsrecords\/wp-json\/wp\/v2\/pages\/126","targetHints":{"allow":["GET"]}}],"collection":[{"href":"https:\/\/1230682.cpsw-fcsei.com\/bsrecords\/wp-json\/wp\/v2\/pages"}],"about":[{"href":"https:\/\/1230682.cpsw-fcsei.com\/bsrecords\/wp-json\/wp\/v2\/types\/page"}],"author":[{"embeddable":true,"href":"https:\/\/1230682.cpsw-fcsei.com\/bsrecords\/wp-json\/wp\/v2\/users\/1"}],"replies":[{"embeddable":true,"href":"https:\/\/1230682.cpsw-fcsei.com\/bsrecords\/wp-json\/wp\/v2\/comments?post=126"}],"version-history":[{"count":11,"href":"https:\/\/1230682.cpsw-fcsei.com\/bsrecords\/wp-json\/wp\/v2\/pages\/126\/revisions"}],"predecessor-version":[{"id":275,"href":"https:\/\/1230682.cpsw-fcsei.com\/bsrecords\/wp-json\/wp\/v2\/pages\/126\/revisions\/275"}],"wp:attachment":[{"href":"https:\/\/1230682.cpsw-fcsei.com\/bsrecords\/wp-json\/wp\/v2\/media?parent=126"}],"curies":[{"name":"wp","href":"https:\/\/api.w.org\/{rel}","templated":true}]}}