{"id":186,"date":"2024-04-29T09:31:26","date_gmt":"2024-04-29T13:31:26","guid":{"rendered":"https:\/\/1230682.cpsw-fcsei.com\/card_draw\/?page_id=186"},"modified":"2024-04-30T16:49:06","modified_gmt":"2024-04-30T20:49:06","slug":"articles","status":"publish","type":"page","link":"https:\/\/1230682.cpsw-fcsei.com\/card_draw\/articles\/","title":{"rendered":"Articles"},"content":{"rendered":"\n<div class=\"wp-block-group alignfull has-accent-5-background-color has-background has-global-padding is-layout-constrained wp-container-core-group-is-layout-4811870e wp-block-group-is-layout-constrained\" id=\"accueil\" style=\"margin-top:0;margin-bottom:0;padding-top:var(--wp--preset--spacing--60);padding-right:var(--wp--preset--spacing--10);padding-bottom:var(--wp--preset--spacing--60);padding-left:var(--wp--preset--spacing--10);background-image:url(&apos;https:\/\/1230682.cpsw-fcsei.com\/card_draw\/wp-content\/uploads\/2024\/04\/outlaws-of-thunder-junction-events-_-promos-overview-en.jpg&apos;);background-size:cover;\">\n<div class=\"wp-block-columns alignwide is-layout-flex wp-container-core-columns-is-layout-1da03c2a wp-block-columns-is-layout-flex\">\n<div class=\"wp-block-column has-base-2-color has-text-color has-link-color wp-elements-83b0389e2012ba37cd7d23d84332d717 is-layout-flow wp-block-column-is-layout-flow\" style=\"padding-right:var(--wp--preset--spacing--40);flex-basis:40%\">\n<h1 class=\"wp-block-heading has-base-color has-text-color has-link-color wp-elements-652aee9ed77f8259eda98ad348058be3\">Card Draw<\/h1>\n\n\n\n<p>Lorem ipsum dolor sit amet, consectetur adipiscing elit. Sed iaculis mi lectus. Mauris lobortis ante diam, in euismod neque hendrerit.<\/p>\n\n\n\n<div class=\"wp-block-buttons is-layout-flex wp-block-buttons-is-layout-flex\">\n<div class=\"wp-block-button btn\"><a class=\"wp-block-button__link wp-element-button\" href=\"https:\/\/1230682.cpsw-fcsei.com\/card_draw\/a_propos\/\">\u00c0 propos<\/a><\/div>\n\n\n\n<div class=\"wp-block-button is-style-fill btn\"><a class=\"wp-block-button__link wp-element-button\" href=\"#articles_populaires\">Articles populaires<\/a><\/div>\n<\/div>\n<\/div>\n\n\n\n<div class=\"wp-block-column is-vertically-aligned-center is-layout-flow wp-block-column-is-layout-flow\" style=\"flex-basis:60%\"><\/div>\n<\/div>\n<\/div>\n\n\n\n<div class=\"wp-block-group alignwide has-global-padding is-layout-constrained wp-block-group-is-layout-constrained\" id=\"articles_populaires\" style=\"margin-bottom:var(--wp--preset--spacing--40)\">\n<h2 class=\"wp-block-heading has-text-align-center\" style=\"margin-top:var(--wp--preset--spacing--40);margin-bottom:var(--wp--preset--spacing--40)\">Articles populaires<\/h2>\n\n\n\n<div class=\"wp-block-query alignwide is-layout-flow wp-block-query-is-layout-flow\"><ul class=\"wp-block-post-template is-layout-flow wp-block-post-template-is-layout-flow\"><li class=\"wp-block-post post-27 post type-post status-publish format-standard has-post-thumbnail hentry category-articles category-articles_vedettes tag-deckbuilding tag-typal\">\n\n<div class=\"wp-block-columns alignwide is-layout-flex wp-container-core-columns-is-layout-28f84493 wp-block-columns-is-layout-flex\">\n<div class=\"wp-block-column is-layout-flow wp-block-column-is-layout-flow\" style=\"flex-basis:66.66%\"><figure class=\"wp-block-post-featured-image\"><a href=\"https:\/\/1230682.cpsw-fcsei.com\/card_draw\/paul\/\" target=\"_self\"  ><img loading=\"lazy\" decoding=\"async\" width=\"3840\" height=\"2152\" src=\"https:\/\/1230682.cpsw-fcsei.com\/card_draw\/wp-content\/uploads\/2024\/04\/wallpapersden.com_magic-the-gathering-4k-book-background-magical_3840x2152.jpg\" class=\"attachment-post-thumbnail size-post-thumbnail wp-post-image\" alt=\"Deck Wizard Typal : Simple et Efficace\" style=\"object-fit:cover;\" \/><\/a><\/figure><\/div>\n\n\n\n<div class=\"wp-block-column is-layout-flow wp-block-column-is-layout-flow\" style=\"flex-basis:33.33%\"><h3 class=\"wp-block-post-title\"><a href=\"https:\/\/1230682.cpsw-fcsei.com\/card_draw\/paul\/\" target=\"_self\" >Deck Wizard Typal : Simple et Efficace<\/a><\/h3>\n\n<div class=\"wp-block-post-excerpt\"><p class=\"wp-block-post-excerpt__excerpt\">Lorem ipsum dolor sit amet, consectetur adipiscing elit. Praesent ac consectetur urna, quis lobortis mi. Vivamus eget magna quis diam condimentum pellentesque eu in tortor. Mauris pretium vel odio eget ultrices. Duis orci velit, egestas ac libero et, bibendum imperdiet leo. Fusce molestie vulputate suscipit. In non sodales nunc. Curabitur nec urna ultricies, commodo dolor<\/p><p class=\"wp-block-post-excerpt__more-text\"><a class=\"wp-block-post-excerpt__more-link\" href=\"https:\/\/1230682.cpsw-fcsei.com\/card_draw\/paul\/\">Read more<\/a><\/p><\/div><\/div>\n<\/div>\n\n<\/li><li class=\"wp-block-post post-26 post type-post status-publish format-standard has-post-thumbnail hentry category-articles category-articles_vedettes tag-deckbuilding tag-review tag-typal\">\n\n<div class=\"wp-block-columns alignwide is-layout-flex wp-container-core-columns-is-layout-28f84493 wp-block-columns-is-layout-flex\">\n<div class=\"wp-block-column is-layout-flow wp-block-column-is-layout-flow\" style=\"flex-basis:66.66%\"><figure class=\"wp-block-post-featured-image\"><a href=\"https:\/\/1230682.cpsw-fcsei.com\/card_draw\/steve\/\" target=\"_self\"  ><img loading=\"lazy\" decoding=\"async\" width=\"1920\" height=\"1080\" src=\"https:\/\/1230682.cpsw-fcsei.com\/card_draw\/wp-content\/uploads\/2024\/04\/steamuserimages-a.akamaihd.jpg\" class=\"attachment-post-thumbnail size-post-thumbnail wp-post-image\" alt=\"Quel dragon choisir?\" style=\"object-fit:cover;\" \/><\/a><\/figure><\/div>\n\n\n\n<div class=\"wp-block-column is-layout-flow wp-block-column-is-layout-flow\" style=\"flex-basis:33.33%\"><h3 class=\"wp-block-post-title\"><a href=\"https:\/\/1230682.cpsw-fcsei.com\/card_draw\/steve\/\" target=\"_self\" >Quel dragon choisir?<\/a><\/h3>\n\n<div class=\"wp-block-post-excerpt\"><p class=\"wp-block-post-excerpt__excerpt\">Lorem ipsum dolor sit amet, consectetur adipiscing elit. Praesent ac consectetur urna, quis lobortis mi. Vivamus eget magna quis diam condimentum pellentesque eu in tortor. Mauris pretium vel odio eget ultrices. Duis orci velit, egestas ac libero et, bibendum imperdiet leo. Fusce molestie vulputate suscipit. In non sodales nunc. Curabitur nec urna ultricies, commodo dolor<\/p><p class=\"wp-block-post-excerpt__more-text\"><a class=\"wp-block-post-excerpt__more-link\" href=\"https:\/\/1230682.cpsw-fcsei.com\/card_draw\/steve\/\">Read more<\/a><\/p><\/div><\/div>\n<\/div>\n\n<\/li><li class=\"wp-block-post post-16 post type-post status-publish format-standard has-post-thumbnail hentry category-articles category-articles_vedettes tag-ragdos tag-review tag-set\">\n\n<div class=\"wp-block-columns alignwide is-layout-flex wp-container-core-columns-is-layout-28f84493 wp-block-columns-is-layout-flex\">\n<div class=\"wp-block-column is-layout-flow wp-block-column-is-layout-flow\" style=\"flex-basis:66.66%\"><figure class=\"wp-block-post-featured-image\"><a href=\"https:\/\/1230682.cpsw-fcsei.com\/card_draw\/ragdos-bs\/\" target=\"_self\"  ><img loading=\"lazy\" decoding=\"async\" width=\"1920\" height=\"1080\" src=\"https:\/\/1230682.cpsw-fcsei.com\/card_draw\/wp-content\/uploads\/2024\/04\/Wallpaper_1920x1080_Demonic_Ruckus.jpg\" class=\"attachment-post-thumbnail size-post-thumbnail wp-post-image\" alt=\"Ragdos&#8217; BS &#8211; Thunder Junction\" style=\"object-fit:cover;\" \/><\/a><\/figure><\/div>\n\n\n\n<div class=\"wp-block-column is-layout-flow wp-block-column-is-layout-flow\" style=\"flex-basis:33.33%\"><h3 class=\"wp-block-post-title\"><a href=\"https:\/\/1230682.cpsw-fcsei.com\/card_draw\/ragdos-bs\/\" target=\"_self\" >Ragdos&#8217; BS &#8211; Thunder Junction<\/a><\/h3>\n\n<div class=\"wp-block-post-excerpt\"><p class=\"wp-block-post-excerpt__excerpt\">Lorem ipsum dolor sit amet, consectetur adipiscing elit. Praesent ac consectetur urna, quis lobortis mi. Vivamus eget magna quis diam condimentum pellentesque eu in tortor. Mauris pretium vel odio eget ultrices. Duis orci velit, egestas ac libero et, bibendum imperdiet leo. Fusce molestie vulputate suscipit. In non sodales nunc. Curabitur nec urna ultricies, commodo dolor<\/p><p class=\"wp-block-post-excerpt__more-text\"><a class=\"wp-block-post-excerpt__more-link\" href=\"https:\/\/1230682.cpsw-fcsei.com\/card_draw\/ragdos-bs\/\">Read more<\/a><\/p><\/div><\/div>\n<\/div>\n\n<\/li><\/ul><\/div>\n<\/div>\n\n\n\n<div class=\"wp-block-group alignwide has-contrast-3-background-color has-background is-layout-flow wp-block-group-is-layout-flow\" id=\"articles\" style=\"margin-top:var(--wp--preset--spacing--30);margin-bottom:var(--wp--preset--spacing--30);padding-top:0;padding-right:0;padding-bottom:0;padding-left:0\">\n<h2 class=\"wp-block-heading has-text-align-center\" style=\"margin-bottom:var(--wp--preset--spacing--40)\">Tous les articles<\/h2>\n\n\n<ul style=\"padding-top:0;padding-bottom:0;padding-left:0;padding-right:0;margin-top:var(--wp--preset--spacing--20);margin-bottom:var(--wp--preset--spacing--20);\" class=\"wp-block-latest-posts__list is-grid columns-3 has-dates wp-block-latest-posts\"><li><div class=\"wp-block-latest-posts__featured-image\"><img loading=\"lazy\" decoding=\"async\" width=\"150\" height=\"84\" src=\"https:\/\/1230682.cpsw-fcsei.com\/card_draw\/wp-content\/uploads\/2024\/04\/MTG-Lord-of-the-Rings-Mordor.jpg\" class=\"attachment-thumbnail size-thumbnail wp-post-image\" alt=\"\" style=\"\" \/><\/div><a class=\"wp-block-latest-posts__post-title\" href=\"https:\/\/1230682.cpsw-fcsei.com\/card_draw\/sauron_gang\/\">Sauron et son gang<\/a><time datetime=\"2024-04-29T11:23:50-04:00\" class=\"wp-block-latest-posts__post-date\">29 April 2024<\/time><div class=\"wp-block-latest-posts__post-excerpt\">Lorem ipsum dolor sit amet, consectetur adipiscing elit. Praesent ac consectetur urna, quis lobortis mi.\u2026 <a class=\"wp-block-latest-posts__read-more\" href=\"https:\/\/1230682.cpsw-fcsei.com\/card_draw\/sauron_gang\/\" rel=\"noopener noreferrer\">Read more<span class=\"screen-reader-text\">: Sauron et son gang<\/span><\/a><\/div><\/li>\n<li><div class=\"wp-block-latest-posts__featured-image\"><img loading=\"lazy\" decoding=\"async\" width=\"150\" height=\"84\" src=\"https:\/\/1230682.cpsw-fcsei.com\/card_draw\/wp-content\/uploads\/2024\/04\/magic-the-gathering-mtg-bloomburrow-guide-squirrel-necromancer.jpg\" class=\"attachment-thumbnail size-thumbnail wp-post-image\" alt=\"\" style=\"\" \/><\/div><a class=\"wp-block-latest-posts__post-title\" href=\"https:\/\/1230682.cpsw-fcsei.com\/card_draw\/bloomburrow_review\/\">Bloomburrow &#8211; Set Review<\/a><time datetime=\"2024-04-29T11:17:24-04:00\" class=\"wp-block-latest-posts__post-date\">29 April 2024<\/time><div class=\"wp-block-latest-posts__post-excerpt\">Lorem ipsum dolor sit amet, consectetur adipiscing elit. Praesent ac consectetur urna, quis lobortis mi.\u2026 <a class=\"wp-block-latest-posts__read-more\" href=\"https:\/\/1230682.cpsw-fcsei.com\/card_draw\/bloomburrow_review\/\" rel=\"noopener noreferrer\">Read more<span class=\"screen-reader-text\">: Bloomburrow &#8211; Set Review<\/span><\/a><\/div><\/li>\n<li><div class=\"wp-block-latest-posts__featured-image\"><img loading=\"lazy\" decoding=\"async\" width=\"150\" height=\"84\" src=\"https:\/\/1230682.cpsw-fcsei.com\/card_draw\/wp-content\/uploads\/2024\/04\/943323.jpg\" class=\"attachment-thumbnail size-thumbnail wp-post-image\" alt=\"\" style=\"\" \/><\/div><a class=\"wp-block-latest-posts__post-title\" href=\"https:\/\/1230682.cpsw-fcsei.com\/card_draw\/mh3_review\/\">Modern Horizon 3 &#8211; Set Review<\/a><time datetime=\"2024-04-29T11:06:16-04:00\" class=\"wp-block-latest-posts__post-date\">29 April 2024<\/time><div class=\"wp-block-latest-posts__post-excerpt\">Lorem ipsum dolor sit amet, consectetur adipiscing elit. Praesent ac consectetur urna, quis lobortis mi.\u2026 <a class=\"wp-block-latest-posts__read-more\" href=\"https:\/\/1230682.cpsw-fcsei.com\/card_draw\/mh3_review\/\" rel=\"noopener noreferrer\">Read more<span class=\"screen-reader-text\">: Modern Horizon 3 &#8211; Set Review<\/span><\/a><\/div><\/li>\n<li><div class=\"wp-block-latest-posts__featured-image\"><img loading=\"lazy\" decoding=\"async\" width=\"150\" height=\"84\" src=\"https:\/\/1230682.cpsw-fcsei.com\/card_draw\/wp-content\/uploads\/2024\/04\/wallpapersden.com_magic-the-gathering-4k-book-background-magical_3840x2152.jpg\" class=\"attachment-thumbnail size-thumbnail wp-post-image\" alt=\"\" style=\"\" \/><\/div><a class=\"wp-block-latest-posts__post-title\" href=\"https:\/\/1230682.cpsw-fcsei.com\/card_draw\/paul\/\">Deck Wizard Typal : Simple et Efficace<\/a><time datetime=\"2024-04-12T11:21:22-04:00\" class=\"wp-block-latest-posts__post-date\">12 April 2024<\/time><div class=\"wp-block-latest-posts__post-excerpt\">Lorem ipsum dolor sit amet, consectetur adipiscing elit. Praesent ac consectetur urna, quis lobortis mi.\u2026 <a class=\"wp-block-latest-posts__read-more\" href=\"https:\/\/1230682.cpsw-fcsei.com\/card_draw\/paul\/\" rel=\"noopener noreferrer\">Read more<span class=\"screen-reader-text\">: Deck Wizard Typal : Simple et Efficace<\/span><\/a><\/div><\/li>\n<li><div class=\"wp-block-latest-posts__featured-image\"><img loading=\"lazy\" decoding=\"async\" width=\"150\" height=\"84\" src=\"https:\/\/1230682.cpsw-fcsei.com\/card_draw\/wp-content\/uploads\/2024\/04\/steamuserimages-a.akamaihd.jpg\" class=\"attachment-thumbnail size-thumbnail wp-post-image\" alt=\"\" style=\"\" \/><\/div><a class=\"wp-block-latest-posts__post-title\" href=\"https:\/\/1230682.cpsw-fcsei.com\/card_draw\/steve\/\">Quel dragon choisir?<\/a><time datetime=\"2024-04-12T11:20:40-04:00\" class=\"wp-block-latest-posts__post-date\">12 April 2024<\/time><div class=\"wp-block-latest-posts__post-excerpt\">Lorem ipsum dolor sit amet, consectetur adipiscing elit. Praesent ac consectetur urna, quis lobortis mi.\u2026 <a class=\"wp-block-latest-posts__read-more\" href=\"https:\/\/1230682.cpsw-fcsei.com\/card_draw\/steve\/\" rel=\"noopener noreferrer\">Read more<span class=\"screen-reader-text\">: Quel dragon choisir?<\/span><\/a><\/div><\/li>\n<li><div class=\"wp-block-latest-posts__featured-image\"><img loading=\"lazy\" decoding=\"async\" width=\"150\" height=\"84\" src=\"https:\/\/1230682.cpsw-fcsei.com\/card_draw\/wp-content\/uploads\/2024\/04\/Wallpaper_1920x1080_Demonic_Ruckus.jpg\" class=\"attachment-thumbnail size-thumbnail wp-post-image\" alt=\"\" style=\"\" \/><\/div><a class=\"wp-block-latest-posts__post-title\" href=\"https:\/\/1230682.cpsw-fcsei.com\/card_draw\/ragdos-bs\/\">Ragdos&#8217; BS &#8211; Thunder Junction<\/a><time datetime=\"2024-04-12T11:08:24-04:00\" class=\"wp-block-latest-posts__post-date\">12 April 2024<\/time><div class=\"wp-block-latest-posts__post-excerpt\">Lorem ipsum dolor sit amet, consectetur adipiscing elit. Praesent ac consectetur urna, quis lobortis mi.\u2026 <a class=\"wp-block-latest-posts__read-more\" href=\"https:\/\/1230682.cpsw-fcsei.com\/card_draw\/ragdos-bs\/\" rel=\"noopener noreferrer\">Read more<span class=\"screen-reader-text\">: Ragdos&#8217; BS &#8211; Thunder Junction<\/span><\/a><\/div><\/li>\n<\/ul><\/div>\n\n\n\n<div class=\"wp-block-group alignfull has-global-padding is-layout-constrained wp-container-core-group-is-layout-32a46761 wp-block-group-is-layout-constrained\" id=\"infolettre\" style=\"margin-top:0;margin-bottom:0;padding-top:var(--wp--preset--spacing--40);padding-right:var(--wp--preset--spacing--50);padding-bottom:var(--wp--preset--spacing--40);padding-left:var(--wp--preset--spacing--50)\">\n<div class=\"wp-block-group alignwide has-base-2-background-color has-background has-global-padding is-layout-constrained wp-container-core-group-is-layout-39412042 wp-block-group-is-layout-constrained\" style=\"border-radius:16px;padding-top:var(--wp--preset--spacing--40);padding-right:var(--wp--preset--spacing--50);padding-bottom:var(--wp--preset--spacing--40);padding-left:var(--wp--preset--spacing--50);background-image:url(&apos;https:\/\/1230682.cpsw-fcsei.com\/card_draw\/wp-content\/uploads\/2024\/04\/OTJ-060_HJAKQUEIN_441552_1920x1050_Header.jpg&apos;);background-size:cover;\">\n<div class=\"wp-block-group has-background is-vertical is-content-justification-center is-layout-flex wp-container-core-group-is-layout-ce155fab wp-block-group-is-layout-flex\" style=\"border-radius:40px;background-color:#210d0ed9\">\n<div style=\"height:0px\" aria-hidden=\"true\" class=\"wp-block-spacer wp-container-content-5cee9cb3\"><\/div>\n\n\n\n<h2 class=\"wp-block-heading has-text-align-center has-custom-accent-color has-text-color has-link-color has-x-large-font-size wp-elements-1cc9956e5120bda9b247e4320e5b1009\">Rejoignez les mercenaires!<\/h2>\n\n\n\n<p class=\"has-text-align-center has-base-color has-text-color has-link-color wp-elements-11da6e247f0d876cd19b4410246bc652\">Inscrivez-vous \u00e0 notre infolettre pour rester \u00e0 l&#8217;affut des derni\u00e8res nouvelles!<\/p>\n\n\n\n<div class=\"wp-block-buttons is-content-justification-center is-layout-flex wp-container-core-buttons-is-layout-a89b3969 wp-block-buttons-is-layout-flex\">\n<div class=\"wp-block-button btn\"><a class=\"wp-block-button__link wp-element-button\" href=\"https:\/\/www.youtube.com\/watch?v=tmKRhD9KrAM\">Je m&#8217;inscris!<\/a><\/div>\n<\/div>\n\n\n\n<div style=\"height:0px\" aria-hidden=\"true\" class=\"wp-block-spacer wp-container-content-5cee9cb3\"><\/div>\n<\/div>\n<\/div>\n<\/div>\n","protected":false},"excerpt":{"rendered":"<p>Card Draw Lorem ipsum dolor sit amet, consectetur adipiscing elit. Sed iaculis mi lectus. Mauris lobortis ante diam, in euismod neque hendrerit. Articles populaires Tous les articles Rejoignez les mercenaires! Inscrivez-vous \u00e0 notre infolettre pour rester \u00e0 l&#8217;affut des derni\u00e8res nouvelles!<\/p>\n","protected":false},"author":1,"featured_media":0,"parent":0,"menu_order":0,"comment_status":"closed","ping_status":"closed","template":"","meta":{"_acf_changed":false,"footnotes":""},"class_list":["post-186","page","type-page","status-publish","hentry"],"acf":[],"_links":{"self":[{"href":"https:\/\/1230682.cpsw-fcsei.com\/card_draw\/wp-json\/wp\/v2\/pages\/186","targetHints":{"allow":["GET"]}}],"collection":[{"href":"https:\/\/1230682.cpsw-fcsei.com\/card_draw\/wp-json\/wp\/v2\/pages"}],"about":[{"href":"https:\/\/1230682.cpsw-fcsei.com\/card_draw\/wp-json\/wp\/v2\/types\/page"}],"author":[{"embeddable":true,"href":"https:\/\/1230682.cpsw-fcsei.com\/card_draw\/wp-json\/wp\/v2\/users\/1"}],"replies":[{"embeddable":true,"href":"https:\/\/1230682.cpsw-fcsei.com\/card_draw\/wp-json\/wp\/v2\/comments?post=186"}],"version-history":[{"count":19,"href":"https:\/\/1230682.cpsw-fcsei.com\/card_draw\/wp-json\/wp\/v2\/pages\/186\/revisions"}],"predecessor-version":[{"id":274,"href":"https:\/\/1230682.cpsw-fcsei.com\/card_draw\/wp-json\/wp\/v2\/pages\/186\/revisions\/274"}],"wp:attachment":[{"href":"https:\/\/1230682.cpsw-fcsei.com\/card_draw\/wp-json\/wp\/v2\/media?parent=186"}],"curies":[{"name":"wp","href":"https:\/\/api.w.org\/{rel}","templated":true}]}}