{"id":190,"date":"2024-04-29T09:41:46","date_gmt":"2024-04-29T13:41:46","guid":{"rendered":"https:\/\/1230682.cpsw-fcsei.com\/card_draw\/?page_id=190"},"modified":"2024-05-01T16:33:22","modified_gmt":"2024-05-01T20:33:22","slug":"a_propos","status":"publish","type":"page","link":"https:\/\/1230682.cpsw-fcsei.com\/card_draw\/a_propos\/","title":{"rendered":"\u00c0 propos"},"content":{"rendered":"\n<div class=\"wp-block-group alignfull has-accent-5-background-color has-background has-global-padding is-layout-constrained wp-container-core-group-is-layout-4811870e wp-block-group-is-layout-constrained\" id=\"accueil\" style=\"margin-top:0;margin-bottom:0;padding-top:var(--wp--preset--spacing--60);padding-right:var(--wp--preset--spacing--10);padding-bottom:var(--wp--preset--spacing--60);padding-left:var(--wp--preset--spacing--10);background-image:url(&apos;https:\/\/1230682.cpsw-fcsei.com\/card_draw\/wp-content\/uploads\/2024\/04\/outlaws-of-thunder-junction-events-_-promos-overview-en.jpg&apos;);background-size:cover;\">\n<div class=\"wp-block-columns alignwide is-layout-flex wp-container-core-columns-is-layout-1da03c2a wp-block-columns-is-layout-flex\">\n<div class=\"wp-block-column has-base-2-color has-text-color has-link-color wp-elements-ff194888ea31f646b9cf91eca759ef5b is-layout-flow wp-block-column-is-layout-flow\" style=\"padding-right:var(--wp--preset--spacing--40);flex-basis:40%\">\n<h1 class=\"wp-block-heading has-base-color has-text-color has-link-color wp-elements-652aee9ed77f8259eda98ad348058be3\">Card Draw<\/h1>\n\n\n\n<p>Lorem ipsum dolor sit amet, consectetur adipiscing elit. Sed iaculis mi lectus. Mauris lobortis ante diam, in euismod neque hendrerit.<\/p>\n\n\n\n<div class=\"wp-block-buttons is-layout-flex wp-block-buttons-is-layout-flex\">\n<div class=\"wp-block-button btn\"><a class=\"wp-block-button__link wp-element-button\" href=\"#infolettre\">Je m&#8217;abonne!<\/a><\/div>\n\n\n\n<div class=\"wp-block-button is-style-fill btn\"><a class=\"wp-block-button__link wp-element-button\" href=\"https:\/\/1230682.cpsw-fcsei.com\/card_draw\/articles\/\">Nos articles<\/a><\/div>\n<\/div>\n<\/div>\n\n\n\n<div class=\"wp-block-column is-vertically-aligned-center is-layout-flow wp-block-column-is-layout-flow\" style=\"flex-basis:60%\"><\/div>\n<\/div>\n<\/div>\n\n\n\n<div style=\"height:64px\" aria-hidden=\"true\" class=\"wp-block-spacer\"><\/div>\n\n\n\n<div class=\"wp-block-group alignfull has-global-padding is-layout-constrained wp-container-core-group-is-layout-669513ed wp-block-group-is-layout-constrained has-background\" id=\"mission\" style=\"border-radius:0px;margin-top:0;margin-bottom:0;padding-top:var(--wp--preset--spacing--50);padding-right:var(--wp--preset--spacing--50);padding-bottom:var(--wp--preset--spacing--50);padding-left:var(--wp--preset--spacing--50);background-image:url(&apos;https:\/\/1230682.cpsw-fcsei.com\/card_draw\/wp-content\/uploads\/2024\/04\/demonic_tutor__magic_the_gathering_by_anatofinnstark_deu2fm6-fullview.jpg&apos;);background-size:cover;\">\n<div class=\"wp-block-group alignwide has-background is-vertical is-content-justification-stretch is-layout-flex wp-container-core-group-is-layout-fc82e559 wp-block-group-is-layout-flex\" style=\"border-radius:40px;background-color:#210d0ed9;margin-top:0;margin-bottom:0;padding-top:var(--wp--preset--spacing--20);padding-right:0;padding-bottom:var(--wp--preset--spacing--20);padding-left:0\">\n<h2 class=\"wp-block-heading has-text-align-center is-style-default has-custom-accent-color has-text-color has-link-color wp-elements-d79d419e3ce4d5ae6059606966bde071\">Notre Mission<\/h2>\n\n\n\n<p class=\"has-text-align-center has-base-color has-text-color has-link-color wp-elements-a402e8c029b320ebbdea9a2c122cce4b\" style=\"margin-top:var(--wp--preset--spacing--10);font-size:clamp(0.875rem, 0.875rem + ((1vw - 0.2rem) * 0.417), 1.125rem);\">Vous offrir les derni\u00e8res \u00e9valuations pour prendre des d\u00e9cisions \u00e9clair\u00e9es pour vos besoins en mati\u00e8re de TCG.<\/p>\n<\/div>\n<\/div>\n\n\n\n<div class=\"wp-block-group alignfull has-global-padding is-layout-constrained wp-container-core-group-is-layout-796362d6 wp-block-group-is-layout-constrained\" id=\"equipe\" style=\"margin-top:0;margin-bottom:0;padding-top:var(--wp--preset--spacing--40);padding-right:var(--wp--preset--spacing--50);padding-bottom:var(--wp--preset--spacing--40);padding-left:var(--wp--preset--spacing--50)\">\n<div class=\"wp-block-group is-vertical is-content-justification-center is-layout-flex wp-container-core-group-is-layout-ce155fab wp-block-group-is-layout-flex\">\n<h2 class=\"wp-block-heading has-text-align-center has-xx-large-font-size\">Nos Hors-la-loi<\/h2>\n\n\n\n<p class=\"has-text-align-center\">Notre \u00e9quipe de desperados vous accompagnera dans votre qu\u00eate du deck parfait!<\/p>\n<\/div>\n\n\n\n<div style=\"height:var(--wp--preset--spacing--30)\" aria-hidden=\"true\" class=\"wp-block-spacer\"><\/div>\n\n\n\n<div class=\"wp-block-columns alignwide is-layout-flex wp-container-core-columns-is-layout-4935966c wp-block-columns-is-layout-flex\" style=\"padding-right:0;padding-left:0\">\n<div class=\"wp-block-column is-layout-flow wp-block-column-is-layout-flow\">\n<figure class=\"wp-block-image size-full is-style-rounded membre is-style-rounded--1\"><img loading=\"lazy\" decoding=\"async\" width=\"1024\" height=\"1024\" src=\"https:\/\/1230682.cpsw-fcsei.com\/card_draw\/wp-content\/uploads\/2024\/04\/thispersondoesnotexist.jpg\" alt=\"\" class=\"wp-image-89\" style=\"aspect-ratio:1;object-fit:cover\"\/><\/figure>\n\n\n\n<div class=\"wp-block-group is-vertical is-content-justification-center is-nowrap is-layout-flex wp-container-core-group-is-layout-21d4e958 wp-block-group-is-layout-flex\">\n<p class=\"has-text-align-center has-small-font-size\"><strong>Franky Boy<\/strong><\/p>\n\n\n\n<p class=\"has-text-align-center has-small-font-size\">Fondateur &amp; CEO<\/p>\n<\/div>\n<\/div>\n\n\n\n<div class=\"wp-block-column is-layout-flow wp-block-column-is-layout-flow\">\n<figure class=\"wp-block-image size-full is-style-rounded membre is-style-rounded--2\"><img loading=\"lazy\" decoding=\"async\" width=\"1024\" height=\"1024\" src=\"https:\/\/1230682.cpsw-fcsei.com\/card_draw\/wp-content\/uploads\/2024\/04\/thispersondoesnotexist2.jpg\" alt=\"\" class=\"wp-image-90\" style=\"aspect-ratio:1;object-fit:cover\"\/><\/figure>\n\n\n\n<div class=\"wp-block-group is-vertical is-content-justification-center is-nowrap is-layout-flex wp-container-core-group-is-layout-63bfd6c1 wp-block-group-is-layout-flex\">\n<p class=\"has-text-align-center has-small-font-size\"><strong>Joshua Brassard<\/strong><\/p>\n\n\n\n<p class=\"has-text-align-center has-small-font-size\">R\u00e9dacteur<\/p>\n<\/div>\n<\/div>\n\n\n\n<div class=\"wp-block-column is-layout-flow wp-block-column-is-layout-flow\">\n<figure class=\"wp-block-image size-full is-style-rounded membre is-style-rounded--3\"><img loading=\"lazy\" decoding=\"async\" width=\"1024\" height=\"1024\" src=\"https:\/\/1230682.cpsw-fcsei.com\/card_draw\/wp-content\/uploads\/2024\/04\/thispersondoesnotexist3.jpg\" alt=\"\" class=\"wp-image-91\" style=\"aspect-ratio:1;object-fit:cover\"\/><\/figure>\n\n\n\n<div class=\"wp-block-group is-vertical is-content-justification-center is-nowrap is-layout-flex wp-container-core-group-is-layout-63bfd6c1 wp-block-group-is-layout-flex\">\n<p class=\"has-text-align-center has-small-font-size\">\n\t\t\t\t\t<strong>Helga Steiner<\/strong>\n\t\t\t\t<\/p>\n\n\n\n<p class=\"has-text-align-center has-small-font-size\">R\u00e9dactrice<\/p>\n<\/div>\n<\/div>\n\n\n\n<div class=\"wp-block-column is-layout-flow wp-block-column-is-layout-flow\">\n<figure class=\"wp-block-image size-full is-style-rounded membre is-style-rounded--4\"><img loading=\"lazy\" decoding=\"async\" width=\"1024\" height=\"1024\" src=\"https:\/\/1230682.cpsw-fcsei.com\/card_draw\/wp-content\/uploads\/2024\/04\/thispersondoesnotexist4.jpg\" alt=\"\" class=\"wp-image-93\" style=\"aspect-ratio:1;object-fit:cover\"\/><\/figure>\n\n\n\n<div class=\"wp-block-group is-vertical is-content-justification-center is-nowrap is-layout-flex wp-container-core-group-is-layout-21d4e958 wp-block-group-is-layout-flex\">\n<p class=\"has-text-align-center has-small-font-size\"><strong>Brian<\/strong><\/p>\n\n\n\n<p class=\"has-text-align-center has-small-font-size\">Administrateur<\/p>\n<\/div>\n<\/div>\n<\/div>\n<\/div>\n\n\n\n<div class=\"wp-block-group alignfull has-global-padding is-layout-constrained wp-container-core-group-is-layout-32a46761 wp-block-group-is-layout-constrained\" id=\"infolettre\" style=\"margin-top:0;margin-bottom:0;padding-top:var(--wp--preset--spacing--40);padding-right:var(--wp--preset--spacing--50);padding-bottom:var(--wp--preset--spacing--40);padding-left:var(--wp--preset--spacing--50)\">\n<div class=\"wp-block-group alignwide has-base-2-background-color has-background has-global-padding is-layout-constrained wp-container-core-group-is-layout-39412042 wp-block-group-is-layout-constrained\" style=\"border-radius:16px;padding-top:var(--wp--preset--spacing--40);padding-right:var(--wp--preset--spacing--50);padding-bottom:var(--wp--preset--spacing--40);padding-left:var(--wp--preset--spacing--50);background-image:url(&apos;https:\/\/1230682.cpsw-fcsei.com\/card_draw\/wp-content\/uploads\/2024\/04\/OTJ-060_HJAKQUEIN_441552_1920x1050_Header.jpg&apos;);background-size:cover;\">\n<div class=\"wp-block-group has-background is-vertical is-content-justification-center is-layout-flex wp-container-core-group-is-layout-ce155fab wp-block-group-is-layout-flex\" style=\"border-radius:40px;background-color:#210d0ed9\">\n<div style=\"height:0px\" aria-hidden=\"true\" class=\"wp-block-spacer wp-container-content-5cee9cb3\"><\/div>\n\n\n\n<h2 class=\"wp-block-heading has-text-align-center has-custom-accent-color has-text-color has-link-color has-x-large-font-size wp-elements-1cc9956e5120bda9b247e4320e5b1009\">Rejoignez les mercenaires!<\/h2>\n\n\n\n<p class=\"has-text-align-center has-base-color has-text-color has-link-color wp-elements-11da6e247f0d876cd19b4410246bc652\">Inscrivez-vous \u00e0 notre infolettre pour rester \u00e0 l&#8217;affut des derni\u00e8res nouvelles!<\/p>\n\n\n\n<div class=\"wp-block-buttons is-content-justification-center is-layout-flex wp-container-core-buttons-is-layout-a89b3969 wp-block-buttons-is-layout-flex\">\n<div class=\"wp-block-button btn\"><a class=\"wp-block-button__link wp-element-button\" href=\"https:\/\/www.youtube.com\/watch?v=tmKRhD9KrAM\">Je m&#8217;inscris!<\/a><\/div>\n<\/div>\n\n\n\n<div style=\"height:0px\" aria-hidden=\"true\" class=\"wp-block-spacer wp-container-content-5cee9cb3\"><\/div>\n<\/div>\n<\/div>\n<\/div>\n","protected":false},"excerpt":{"rendered":"<p>Card Draw Lorem ipsum dolor sit amet, consectetur adipiscing elit. Sed iaculis mi lectus. Mauris lobortis ante diam, in euismod neque hendrerit. Notre Mission Vous offrir les derni\u00e8res \u00e9valuations pour prendre des d\u00e9cisions \u00e9clair\u00e9es pour vos besoins en mati\u00e8re de TCG. Nos Hors-la-loi Notre \u00e9quipe de desperados vous accompagnera dans votre qu\u00eate du deck parfait! [&hellip;]<\/p>\n","protected":false},"author":1,"featured_media":0,"parent":0,"menu_order":0,"comment_status":"closed","ping_status":"closed","template":"","meta":{"_acf_changed":false,"footnotes":""},"class_list":["post-190","page","type-page","status-publish","hentry"],"acf":[],"_links":{"self":[{"href":"https:\/\/1230682.cpsw-fcsei.com\/card_draw\/wp-json\/wp\/v2\/pages\/190","targetHints":{"allow":["GET"]}}],"collection":[{"href":"https:\/\/1230682.cpsw-fcsei.com\/card_draw\/wp-json\/wp\/v2\/pages"}],"about":[{"href":"https:\/\/1230682.cpsw-fcsei.com\/card_draw\/wp-json\/wp\/v2\/types\/page"}],"author":[{"embeddable":true,"href":"https:\/\/1230682.cpsw-fcsei.com\/card_draw\/wp-json\/wp\/v2\/users\/1"}],"replies":[{"embeddable":true,"href":"https:\/\/1230682.cpsw-fcsei.com\/card_draw\/wp-json\/wp\/v2\/comments?post=190"}],"version-history":[{"count":10,"href":"https:\/\/1230682.cpsw-fcsei.com\/card_draw\/wp-json\/wp\/v2\/pages\/190\/revisions"}],"predecessor-version":[{"id":282,"href":"https:\/\/1230682.cpsw-fcsei.com\/card_draw\/wp-json\/wp\/v2\/pages\/190\/revisions\/282"}],"wp:attachment":[{"href":"https:\/\/1230682.cpsw-fcsei.com\/card_draw\/wp-json\/wp\/v2\/media?parent=190"}],"curies":[{"name":"wp","href":"https:\/\/api.w.org\/{rel}","templated":true}]}}