{"id":9,"date":"2024-04-12T10:31:47","date_gmt":"2024-04-12T14:31:47","guid":{"rendered":"https:\/\/1230682.cpsw-fcsei.com\/card_draw\/?page_id=9"},"modified":"2024-05-20T23:18:08","modified_gmt":"2024-05-21T03:18:08","slug":"accueil","status":"publish","type":"page","link":"https:\/\/1230682.cpsw-fcsei.com\/card_draw\/","title":{"rendered":"Accueil"},"content":{"rendered":"\n<div class=\"wp-block-group alignfull banner has-custom-bloc-background-color has-background has-global-padding is-layout-constrained wp-container-core-group-is-layout-4811870e wp-block-group-is-layout-constrained\" id=\"accueil\" style=\"margin-top:0;margin-bottom:0;padding-top:var(--wp--preset--spacing--60);padding-right:var(--wp--preset--spacing--10);padding-bottom:var(--wp--preset--spacing--60);padding-left:var(--wp--preset--spacing--10);background-image:url(&apos;https:\/\/1230682.cpsw-fcsei.com\/card_draw\/wp-content\/uploads\/2024\/04\/outlaws-of-thunder-junction-events-_-promos-overview-en.jpg&apos;);background-size:cover;\">\n<div class=\"wp-block-columns alignwide is-layout-flex wp-container-core-columns-is-layout-1da03c2a wp-block-columns-is-layout-flex\">\n<div class=\"wp-block-column has-base-2-color has-text-color has-link-color wp-elements-ff194888ea31f646b9cf91eca759ef5b is-layout-flow wp-block-column-is-layout-flow\" style=\"padding-right:var(--wp--preset--spacing--40);flex-basis:40%\">\n<h1 class=\"wp-block-heading has-base-color has-text-color has-link-color wp-elements-652aee9ed77f8259eda98ad348058be3\">Card Draw<\/h1>\n\n\n\n<p>Lorem ipsum dolor sit amet, consectetur adipiscing elit. Sed iaculis mi lectus. Mauris lobortis ante diam, in euismod neque hendrerit.<\/p>\n\n\n\n<div class=\"wp-block-buttons is-layout-flex wp-block-buttons-is-layout-flex\">\n<div class=\"wp-block-button btn\"><a class=\"wp-block-button__link wp-element-button\" href=\"#infolettre\">Je m&#8217;abonne!<\/a><\/div>\n\n\n\n<div class=\"wp-block-button is-style-fill btn\"><a class=\"wp-block-button__link wp-element-button\" href=\"https:\/\/1230682.cpsw-fcsei.com\/card_draw\/articles\/\">Nos articles<\/a><\/div>\n<\/div>\n<\/div>\n\n\n\n<div class=\"wp-block-column is-vertically-aligned-center is-layout-flow wp-block-column-is-layout-flow\" style=\"flex-basis:60%\"><\/div>\n<\/div>\n<\/div>\n\n\n\n<div class=\"wp-block-group alignwide has-contrast-3-background-color has-background is-layout-flow wp-block-group-is-layout-flow\" id=\"evaluations\" style=\"margin-top:var(--wp--preset--spacing--30);margin-bottom:var(--wp--preset--spacing--30);padding-top:var(--wp--preset--spacing--20);padding-right:var(--wp--preset--spacing--40);padding-bottom:0;padding-left:var(--wp--preset--spacing--40)\">\n<h2 class=\"wp-block-heading has-text-align-center\" style=\"margin-bottom:var(--wp--preset--spacing--40)\">Articles r\u00e9cents<\/h2>\n\n\n\n<div class=\"wp-block-query alignwide is-layout-flow wp-block-query-is-layout-flow\">\n<div class=\"wp-block-group is-layout-flow wp-block-group-is-layout-flow\" style=\"margin-top:0;margin-bottom:0;padding-top:0;padding-right:0;padding-bottom:0;padding-left:0\"><ul class=\"columns-3 alignfull wp-block-post-template is-layout-grid wp-container-core-post-template-is-layout-2d080239 wp-block-post-template-is-layout-grid\"><li class=\"wp-block-post post-309 decklist type-decklist status-publish has-post-thumbnail hentry\">\n<figure style=\"aspect-ratio:3\/4; padding-bottom:var(--wp--preset--spacing--20);margin-bottom:0;\" class=\"wp-block-post-featured-image\"><a href=\"https:\/\/1230682.cpsw-fcsei.com\/card_draw\/decklist\/nicol-bolas-the-ravager\/\" target=\"_self\"  ><img loading=\"lazy\" decoding=\"async\" width=\"1920\" height=\"1080\" src=\"https:\/\/1230682.cpsw-fcsei.com\/card_draw\/wp-content\/uploads\/2024\/04\/steamuserimages-a.akamaihd.jpg\" class=\"attachment-post-thumbnail size-post-thumbnail wp-post-image\" alt=\"Nicol Bolas, the Ravager\" style=\"width:100%;height:100%;object-fit:cover;\" \/><\/a><\/figure>\n\n\n<div class=\"wp-block-group is-vertical is-nowrap is-layout-flex wp-container-core-group-is-layout-97ba36a5 wp-block-group-is-layout-flex\" style=\"margin-top:var(--wp--preset--spacing--20);padding-top:0\"><h2 class=\"wp-block-post-title has-large-font-size wp-container-content-32e3a40d\"><a href=\"https:\/\/1230682.cpsw-fcsei.com\/card_draw\/decklist\/nicol-bolas-the-ravager\/\" target=\"_self\" >Nicol Bolas, the Ravager<\/a><\/h2>\n\n<div class=\"wp-block-template-part\">\n<div class=\"wp-block-group has-global-padding is-layout-constrained wp-block-group-is-layout-constrained\">\n<div class=\"wp-block-group is-content-justification-left is-layout-flex wp-container-core-group-is-layout-dfe8e91f wp-block-group-is-layout-flex\"><div class=\"wp-block-post-date\"><time datetime=\"2024-05-20T23:15:53-04:00\"><a href=\"https:\/\/1230682.cpsw-fcsei.com\/card_draw\/decklist\/nicol-bolas-the-ravager\/\">May 20, 2024<\/a><\/time><\/div>\n\n\n<p class=\"has-contrast-2-color has-text-color\">\u2014<\/p>\n\n\n\n<p class=\"has-contrast-2-color has-text-color has-small-font-size\">by<\/p>\n\n\n<\/div>\n<\/div>\n<\/div><\/div>\n\n<\/li><li class=\"wp-block-post post-306 decklist type-decklist status-publish has-post-thumbnail hentry\">\n<figure style=\"aspect-ratio:3\/4; padding-bottom:var(--wp--preset--spacing--20);margin-bottom:0;\" class=\"wp-block-post-featured-image\"><a href=\"https:\/\/1230682.cpsw-fcsei.com\/card_draw\/decklist\/urza-lord-high-artificer\/\" target=\"_self\"  ><img loading=\"lazy\" decoding=\"async\" width=\"1920\" height=\"1080\" src=\"https:\/\/1230682.cpsw-fcsei.com\/card_draw\/wp-content\/uploads\/2024\/05\/urza.jpg\" class=\"attachment-post-thumbnail size-post-thumbnail wp-post-image\" alt=\"Urza, Lord High Artificer\" style=\"width:100%;height:100%;object-fit:cover;\" srcset=\"https:\/\/1230682.cpsw-fcsei.com\/card_draw\/wp-content\/uploads\/2024\/05\/urza.jpg 1920w, https:\/\/1230682.cpsw-fcsei.com\/card_draw\/wp-content\/uploads\/2024\/05\/urza-300x169.jpg 300w, https:\/\/1230682.cpsw-fcsei.com\/card_draw\/wp-content\/uploads\/2024\/05\/urza-1024x576.jpg 1024w, https:\/\/1230682.cpsw-fcsei.com\/card_draw\/wp-content\/uploads\/2024\/05\/urza-768x432.jpg 768w, https:\/\/1230682.cpsw-fcsei.com\/card_draw\/wp-content\/uploads\/2024\/05\/urza-1536x864.jpg 1536w\" sizes=\"auto, (max-width: 1920px) 100vw, 1920px\" \/><\/a><\/figure>\n\n\n<div class=\"wp-block-group is-vertical is-nowrap is-layout-flex wp-container-core-group-is-layout-97ba36a5 wp-block-group-is-layout-flex\" style=\"margin-top:var(--wp--preset--spacing--20);padding-top:0\"><h2 class=\"wp-block-post-title has-large-font-size wp-container-content-32e3a40d\"><a href=\"https:\/\/1230682.cpsw-fcsei.com\/card_draw\/decklist\/urza-lord-high-artificer\/\" target=\"_self\" >Urza, Lord High Artificer<\/a><\/h2>\n\n<div class=\"wp-block-template-part\">\n<div class=\"wp-block-group has-global-padding is-layout-constrained wp-block-group-is-layout-constrained\">\n<div class=\"wp-block-group is-content-justification-left is-layout-flex wp-container-core-group-is-layout-dfe8e91f wp-block-group-is-layout-flex\"><div class=\"wp-block-post-date\"><time datetime=\"2024-05-20T23:11:11-04:00\"><a href=\"https:\/\/1230682.cpsw-fcsei.com\/card_draw\/decklist\/urza-lord-high-artificer\/\">May 20, 2024<\/a><\/time><\/div>\n\n\n<p class=\"has-contrast-2-color has-text-color\">\u2014<\/p>\n\n\n\n<p class=\"has-contrast-2-color has-text-color has-small-font-size\">by<\/p>\n\n\n<\/div>\n<\/div>\n<\/div><\/div>\n\n<\/li><li class=\"wp-block-post post-300 decklist type-decklist status-publish has-post-thumbnail hentry game-type-commander\">\n<figure style=\"aspect-ratio:3\/4; padding-bottom:var(--wp--preset--spacing--20);margin-bottom:0;\" class=\"wp-block-post-featured-image\"><a href=\"https:\/\/1230682.cpsw-fcsei.com\/card_draw\/decklist\/galadriel-elven-queen\/\" target=\"_self\"  ><img loading=\"lazy\" decoding=\"async\" width=\"1920\" height=\"1080\" src=\"https:\/\/1230682.cpsw-fcsei.com\/card_draw\/wp-content\/uploads\/2024\/05\/galadriel.jpg\" class=\"attachment-post-thumbnail size-post-thumbnail wp-post-image\" alt=\"Galadriel, Elven-Queen\" style=\"width:100%;height:100%;object-fit:cover;\" srcset=\"https:\/\/1230682.cpsw-fcsei.com\/card_draw\/wp-content\/uploads\/2024\/05\/galadriel.jpg 1920w, https:\/\/1230682.cpsw-fcsei.com\/card_draw\/wp-content\/uploads\/2024\/05\/galadriel-300x169.jpg 300w, https:\/\/1230682.cpsw-fcsei.com\/card_draw\/wp-content\/uploads\/2024\/05\/galadriel-1024x576.jpg 1024w, https:\/\/1230682.cpsw-fcsei.com\/card_draw\/wp-content\/uploads\/2024\/05\/galadriel-768x432.jpg 768w, https:\/\/1230682.cpsw-fcsei.com\/card_draw\/wp-content\/uploads\/2024\/05\/galadriel-1536x864.jpg 1536w\" sizes=\"auto, (max-width: 1920px) 100vw, 1920px\" \/><\/a><\/figure>\n\n\n<div class=\"wp-block-group is-vertical is-nowrap is-layout-flex wp-container-core-group-is-layout-97ba36a5 wp-block-group-is-layout-flex\" style=\"margin-top:var(--wp--preset--spacing--20);padding-top:0\"><h2 class=\"wp-block-post-title has-large-font-size wp-container-content-32e3a40d\"><a href=\"https:\/\/1230682.cpsw-fcsei.com\/card_draw\/decklist\/galadriel-elven-queen\/\" target=\"_self\" >Galadriel, Elven-Queen<\/a><\/h2>\n\n<div class=\"wp-block-template-part\">\n<div class=\"wp-block-group has-global-padding is-layout-constrained wp-block-group-is-layout-constrained\">\n<div class=\"wp-block-group is-content-justification-left is-layout-flex wp-container-core-group-is-layout-dfe8e91f wp-block-group-is-layout-flex\"><div class=\"wp-block-post-date\"><time datetime=\"2024-05-20T22:21:59-04:00\"><a href=\"https:\/\/1230682.cpsw-fcsei.com\/card_draw\/decklist\/galadriel-elven-queen\/\">May 20, 2024<\/a><\/time><\/div>\n\n\n<p class=\"has-contrast-2-color has-text-color\">\u2014<\/p>\n\n\n\n<p class=\"has-contrast-2-color has-text-color has-small-font-size\">by<\/p>\n\n\n<\/div>\n<\/div>\n<\/div><\/div>\n\n<\/li><\/ul><\/div>\n<\/div>\n<\/div>\n\n\n\n<div class=\"wp-block-group alignfull has-global-padding is-layout-constrained wp-container-core-group-is-layout-32a46761 wp-block-group-is-layout-constrained\" id=\"infolettre\" style=\"margin-top:0;margin-bottom:0;padding-top:var(--wp--preset--spacing--40);padding-right:var(--wp--preset--spacing--50);padding-bottom:var(--wp--preset--spacing--40);padding-left:var(--wp--preset--spacing--50)\">\n<div class=\"wp-block-group alignwide has-base-2-background-color has-background has-global-padding is-layout-constrained wp-container-core-group-is-layout-39412042 wp-block-group-is-layout-constrained\" style=\"border-radius:16px;padding-top:var(--wp--preset--spacing--40);padding-right:var(--wp--preset--spacing--50);padding-bottom:var(--wp--preset--spacing--40);padding-left:var(--wp--preset--spacing--50);background-image:url(&apos;https:\/\/1230682.cpsw-fcsei.com\/card_draw\/wp-content\/uploads\/2024\/04\/OTJ-060_HJAKQUEIN_441552_1920x1050_Header.jpg&apos;);background-size:cover;\">\n<div class=\"wp-block-group has-background is-vertical is-content-justification-center is-layout-flex wp-container-core-group-is-layout-ce155fab wp-block-group-is-layout-flex\" style=\"border-radius:40px;background-color:#210d0ed9\">\n<div style=\"height:0px\" aria-hidden=\"true\" class=\"wp-block-spacer wp-container-content-5cee9cb3\"><\/div>\n\n\n\n<h2 class=\"wp-block-heading has-text-align-center has-custom-accent-color has-text-color has-link-color has-x-large-font-size wp-elements-1cc9956e5120bda9b247e4320e5b1009\">Rejoignez les mercenaires!<\/h2>\n\n\n\n<p class=\"has-text-align-center has-base-color has-text-color has-link-color wp-elements-11da6e247f0d876cd19b4410246bc652\">Inscrivez-vous \u00e0 notre infolettre pour rester \u00e0 l&#8217;affut des derni\u00e8res nouvelles!<\/p>\n\n\n\n<div class=\"wp-block-buttons is-content-justification-center is-layout-flex wp-container-core-buttons-is-layout-a89b3969 wp-block-buttons-is-layout-flex\">\n<div class=\"wp-block-button btn\"><a class=\"wp-block-button__link wp-element-button\" href=\"https:\/\/www.youtube.com\/watch?v=tmKRhD9KrAM\">Je m&#8217;inscris!<\/a><\/div>\n<\/div>\n\n\n\n<div style=\"height:0px\" aria-hidden=\"true\" class=\"wp-block-spacer wp-container-content-5cee9cb3\"><\/div>\n<\/div>\n<\/div>\n<\/div>\n","protected":false},"excerpt":{"rendered":"<p>Card Draw Lorem ipsum dolor sit amet, consectetur adipiscing elit. Sed iaculis mi lectus. Mauris lobortis ante diam, in euismod neque hendrerit. Articles r\u00e9cents Rejoignez les mercenaires! Inscrivez-vous \u00e0 notre infolettre pour rester \u00e0 l&#8217;affut des derni\u00e8res nouvelles!<\/p>\n","protected":false},"author":1,"featured_media":0,"parent":0,"menu_order":0,"comment_status":"closed","ping_status":"closed","template":"","meta":{"_acf_changed":false,"footnotes":""},"class_list":["post-9","page","type-page","status-publish","hentry"],"acf":[],"_links":{"self":[{"href":"https:\/\/1230682.cpsw-fcsei.com\/card_draw\/wp-json\/wp\/v2\/pages\/9","targetHints":{"allow":["GET"]}}],"collection":[{"href":"https:\/\/1230682.cpsw-fcsei.com\/card_draw\/wp-json\/wp\/v2\/pages"}],"about":[{"href":"https:\/\/1230682.cpsw-fcsei.com\/card_draw\/wp-json\/wp\/v2\/types\/page"}],"author":[{"embeddable":true,"href":"https:\/\/1230682.cpsw-fcsei.com\/card_draw\/wp-json\/wp\/v2\/users\/1"}],"replies":[{"embeddable":true,"href":"https:\/\/1230682.cpsw-fcsei.com\/card_draw\/wp-json\/wp\/v2\/comments?post=9"}],"version-history":[{"count":54,"href":"https:\/\/1230682.cpsw-fcsei.com\/card_draw\/wp-json\/wp\/v2\/pages\/9\/revisions"}],"predecessor-version":[{"id":310,"href":"https:\/\/1230682.cpsw-fcsei.com\/card_draw\/wp-json\/wp\/v2\/pages\/9\/revisions\/310"}],"wp:attachment":[{"href":"https:\/\/1230682.cpsw-fcsei.com\/card_draw\/wp-json\/wp\/v2\/media?parent=9"}],"curies":[{"name":"wp","href":"https:\/\/api.w.org\/{rel}","templated":true}]}}